{"id":202,"date":"2021-02-25T15:48:01","date_gmt":"2021-02-25T14:48:01","guid":{"rendered":"http:\/\/aynisports.com\/?page_id=202"},"modified":"2022-02-01T18:59:44","modified_gmt":"2022-02-01T17:59:44","slug":"evaluations","status":"publish","type":"page","link":"https:\/\/aynisports.com\/index.php\/evaluations\/","title":{"rendered":"Evaluations"},"content":{"rendered":"\t\t<div data-elementor-type=\"wp-page\" data-elementor-id=\"202\" class=\"elementor elementor-202\" data-elementor-settings=\"[]\">\n\t\t\t\t\t\t\t<div class=\"elementor-section-wrap\">\n\t\t\t\t\t\t\t<section class=\"elementor-section elementor-top-section elementor-element elementor-element-e3d62f0 elementor-section-height-min-height elementor-section-boxed elementor-section-height-default elementor-section-items-middle\" data-id=\"e3d62f0\" data-element_type=\"section\" data-settings=\"{&quot;background_background&quot;:&quot;slideshow&quot;,&quot;background_slideshow_gallery&quot;:[{&quot;id&quot;:534,&quot;url&quot;:&quot;http:\\\/\\\/aynisports.com\\\/wp-content\\\/uploads\\\/2021\\\/03\\\/IMG_3347-30-scaled.jpg&quot;},{&quot;id&quot;:154,&quot;url&quot;:&quot;http:\\\/\\\/aynisports.com\\\/wp-content\\\/uploads\\\/2021\\\/02\\\/IMG_2720-scaled.jpg&quot;},{&quot;id&quot;:253,&quot;url&quot;:&quot;http:\\\/\\\/aynisports.com\\\/wp-content\\\/uploads\\\/2021\\\/02\\\/Souplesse-contre-plongee.jpeg&quot;},{&quot;id&quot;:252,&quot;url&quot;:&quot;http:\\\/\\\/aynisports.com\\\/wp-content\\\/uploads\\\/2021\\\/02\\\/Capture-decran-2021-02-08-a-19.12.08-19.21.00-scaled.jpeg&quot;}],&quot;background_slideshow_loop&quot;:&quot;yes&quot;,&quot;background_slideshow_slide_duration&quot;:5000,&quot;background_slideshow_slide_transition&quot;:&quot;fade&quot;,&quot;background_slideshow_transition_duration&quot;:500}\">\n\t\t\t\t\t\t\t<div class=\"elementor-background-overlay\"><\/div>\n\t\t\t\t\t\t\t<div class=\"elementor-container elementor-column-gap-default\">\n\t\t\t\t\t<div class=\"elementor-column elementor-col-100 elementor-top-column elementor-element elementor-element-767b3ab2\" data-id=\"767b3ab2\" data-element_type=\"column\">\n\t\t\t<div class=\"elementor-widget-wrap elementor-element-populated\">\n\t\t\t\t\t\t\t\t<div class=\"elementor-element elementor-element-266c7d45 elementor-widget elementor-widget-heading\" data-id=\"266c7d45\" data-element_type=\"widget\" data-widget_type=\"heading.default\">\n\t\t\t\t<div class=\"elementor-widget-container\">\n\t\t\t<h2 class=\"elementor-heading-title elementor-size-large\">EVALUATIONS<\/h2>\t\t<\/div>\n\t\t\t\t<\/div>\n\t\t\t\t<div class=\"elementor-element elementor-element-61522bc5 elementor-widget-divider--view-line elementor-widget elementor-widget-divider\" data-id=\"61522bc5\" data-element_type=\"widget\" data-widget_type=\"divider.default\">\n\t\t\t\t<div class=\"elementor-widget-container\">\n\t\t\t\t\t<div class=\"elementor-divider\">\n\t\t\t<span class=\"elementor-divider-separator\">\n\t\t\t\t\t\t<\/span>\n\t\t<\/div>\n\t\t\t\t<\/div>\n\t\t\t\t<\/div>\n\t\t\t\t<div class=\"elementor-element elementor-element-5c97ea12 elementor-widget elementor-widget-heading\" data-id=\"5c97ea12\" data-element_type=\"widget\" data-widget_type=\"heading.default\">\n\t\t\t\t<div class=\"elementor-widget-container\">\n\t\t\t<p class=\"elementor-heading-title elementor-size-medium\">MIEUX SE CONNAITRE <br>POUR MIEUX PRATIQUER<\/p>\t\t<\/div>\n\t\t\t\t<\/div>\n\t\t\t\t\t<\/div>\n\t\t<\/div>\n\t\t\t\t\t\t\t<\/div>\n\t\t<\/section>\n\t\t\t\t<section class=\"elementor-section elementor-top-section elementor-element elementor-element-7f87653a elementor-section-boxed elementor-section-height-default elementor-section-height-default\" data-id=\"7f87653a\" data-element_type=\"section\" data-settings=\"{&quot;background_background&quot;:&quot;none&quot;}\">\n\t\t\t\t\t\t<div class=\"elementor-container elementor-column-gap-default\">\n\t\t\t\t\t<div class=\"elementor-column elementor-col-100 elementor-top-column elementor-element elementor-element-348aeab2\" data-id=\"348aeab2\" data-element_type=\"column\">\n\t\t\t<div class=\"elementor-widget-wrap elementor-element-populated\">\n\t\t\t\t\t\t\t\t<div class=\"elementor-element elementor-element-f5dbc3e elementor-widget elementor-widget-text-editor\" data-id=\"f5dbc3e\" data-element_type=\"widget\" data-widget_type=\"text-editor.default\">\n\t\t\t\t<div class=\"elementor-widget-container\">\n\t\t\t\t\t\t\t<p>En signant un partenariat avec la plateforme WEB &#8211; EVALSPORT nous accompagnons les structures et leurs pratiquants dans la connaissance et l&#8217;am\u00e9lioration de leur potentiel sant\u00e9 &#8211; sport<\/p>\t\t\t\t\t\t<\/div>\n\t\t\t\t<\/div>\n\t\t\t\t\t<\/div>\n\t\t<\/div>\n\t\t\t\t\t\t\t<\/div>\n\t\t<\/section>\n\t\t\t\t<section class=\"elementor-section elementor-top-section elementor-element elementor-element-3c89310 elementor-section-boxed elementor-section-height-default elementor-section-height-default\" data-id=\"3c89310\" data-element_type=\"section\">\n\t\t\t\t\t\t<div class=\"elementor-container elementor-column-gap-default\">\n\t\t\t\t\t<div class=\"elementor-column elementor-col-50 elementor-top-column elementor-element elementor-element-7916859\" data-id=\"7916859\" data-element_type=\"column\">\n\t\t\t<div class=\"elementor-widget-wrap elementor-element-populated\">\n\t\t\t\t\t\t\t\t<div class=\"elementor-element elementor-element-721564e elementor-widget elementor-widget-heading\" data-id=\"721564e\" data-element_type=\"widget\" data-widget_type=\"heading.default\">\n\t\t\t\t<div class=\"elementor-widget-container\">\n\t\t\t<h2 class=\"elementor-heading-title elementor-size-default\">VERSION CLUB<\/h2>\t\t<\/div>\n\t\t\t\t<\/div>\n\t\t\t\t\t<\/div>\n\t\t<\/div>\n\t\t\t\t<div class=\"elementor-column elementor-col-50 elementor-top-column elementor-element elementor-element-b146bb8\" data-id=\"b146bb8\" data-element_type=\"column\">\n\t\t\t<div class=\"elementor-widget-wrap elementor-element-populated\">\n\t\t\t\t\t\t\t\t<div class=\"elementor-element elementor-element-de520dc elementor-widget elementor-widget-heading\" data-id=\"de520dc\" data-element_type=\"widget\" data-widget_type=\"heading.default\">\n\t\t\t\t<div class=\"elementor-widget-container\">\n\t\t\t<h2 class=\"elementor-heading-title elementor-size-default\">VERSION SCOLAIRE<\/h2>\t\t<\/div>\n\t\t\t\t<\/div>\n\t\t\t\t\t<\/div>\n\t\t<\/div>\n\t\t\t\t\t\t\t<\/div>\n\t\t<\/section>\n\t\t\t\t<section class=\"elementor-section elementor-top-section elementor-element elementor-element-e62dcf5 elementor-section-boxed elementor-section-height-default elementor-section-height-default\" data-id=\"e62dcf5\" data-element_type=\"section\">\n\t\t\t\t\t\t<div class=\"elementor-container elementor-column-gap-default\">\n\t\t\t\t\t<div class=\"elementor-column elementor-col-50 elementor-top-column elementor-element elementor-element-3466675\" data-id=\"3466675\" data-element_type=\"column\">\n\t\t\t<div class=\"elementor-widget-wrap elementor-element-populated\">\n\t\t\t\t\t\t\t\t<div class=\"elementor-element elementor-element-10bfc22 elementor-aspect-ratio-169 elementor-widget elementor-widget-video\" data-id=\"10bfc22\" data-element_type=\"widget\" data-settings=\"{&quot;youtube_url&quot;:&quot;https:\\\/\\\/www.youtube.com\\\/watch?v=AAmqDSiTUoc&amp;t=1s&quot;,&quot;video_type&quot;:&quot;youtube&quot;,&quot;controls&quot;:&quot;yes&quot;,&quot;aspect_ratio&quot;:&quot;169&quot;}\" data-widget_type=\"video.default\">\n\t\t\t\t<div class=\"elementor-widget-container\">\n\t\t\t\t\t<div class=\"elementor-wrapper elementor-fit-aspect-ratio elementor-open-inline\">\n\t\t\t<div class=\"elementor-video\"><\/div>\t\t<\/div>\n\t\t\t\t<\/div>\n\t\t\t\t<\/div>\n\t\t\t\t\t<\/div>\n\t\t<\/div>\n\t\t\t\t<div class=\"elementor-column elementor-col-50 elementor-top-column elementor-element elementor-element-5d66c18\" data-id=\"5d66c18\" data-element_type=\"column\">\n\t\t\t<div class=\"elementor-widget-wrap elementor-element-populated\">\n\t\t\t\t\t\t\t\t<div class=\"elementor-element elementor-element-7acf178 elementor-aspect-ratio-169 elementor-widget elementor-widget-video\" data-id=\"7acf178\" data-element_type=\"widget\" data-settings=\"{&quot;youtube_url&quot;:&quot;https:\\\/\\\/www.youtube.com\\\/watch?v=FGRZ2LscEDw&quot;,&quot;video_type&quot;:&quot;youtube&quot;,&quot;controls&quot;:&quot;yes&quot;,&quot;aspect_ratio&quot;:&quot;169&quot;}\" data-widget_type=\"video.default\">\n\t\t\t\t<div class=\"elementor-widget-container\">\n\t\t\t\t\t<div class=\"elementor-wrapper elementor-fit-aspect-ratio elementor-open-inline\">\n\t\t\t<div class=\"elementor-video\"><\/div>\t\t<\/div>\n\t\t\t\t<\/div>\n\t\t\t\t<\/div>\n\t\t\t\t\t<\/div>\n\t\t<\/div>\n\t\t\t\t\t\t\t<\/div>\n\t\t<\/section>\n\t\t\t\t<section class=\"elementor-section elementor-top-section elementor-element elementor-element-32efb4f9 elementor-section-height-min-height elementor-section-content-middle elementor-section-boxed elementor-section-height-default elementor-section-items-middle\" data-id=\"32efb4f9\" data-element_type=\"section\">\n\t\t\t\t\t\t<div class=\"elementor-container elementor-column-gap-default\">\n\t\t\t\t\t<div class=\"elementor-column elementor-col-50 elementor-top-column elementor-element elementor-element-687e602a\" data-id=\"687e602a\" data-element_type=\"column\">\n\t\t\t<div class=\"elementor-widget-wrap elementor-element-populated\">\n\t\t\t\t\t\t\t\t<div class=\"elementor-element elementor-element-3da347af elementor-widget-divider--view-line elementor-widget elementor-widget-divider\" data-id=\"3da347af\" data-element_type=\"widget\" data-widget_type=\"divider.default\">\n\t\t\t\t<div class=\"elementor-widget-container\">\n\t\t\t\t\t<div class=\"elementor-divider\">\n\t\t\t<span class=\"elementor-divider-separator\">\n\t\t\t\t\t\t<\/span>\n\t\t<\/div>\n\t\t\t\t<\/div>\n\t\t\t\t<\/div>\n\t\t\t\t<div class=\"elementor-element elementor-element-42a73082 elementor-widget elementor-widget-heading\" data-id=\"42a73082\" data-element_type=\"widget\" data-widget_type=\"heading.default\">\n\t\t\t\t<div class=\"elementor-widget-container\">\n\t\t\t<h3 class=\"elementor-heading-title elementor-size-large\">mieux se connaitre<\/h3>\t\t<\/div>\n\t\t\t\t<\/div>\n\t\t\t\t<div class=\"elementor-element elementor-element-f775826 elementor-widget elementor-widget-text-editor\" data-id=\"f775826\" data-element_type=\"widget\" data-widget_type=\"text-editor.default\">\n\t\t\t\t<div class=\"elementor-widget-container\">\n\t\t\t\t\t\t\t<p>EVALSPORT est un outil digitalis\u00e9 d\u00e9di\u00e9 \u00e0 la connaissance et l&#8217;analyse du potentiel sant\u00e9 sport \u00e0 partir de 9 ans<\/p>\t\t\t\t\t\t<\/div>\n\t\t\t\t<\/div>\n\t\t\t\t<div class=\"elementor-element elementor-element-524b0415 elementor-widget elementor-widget-heading\" data-id=\"524b0415\" data-element_type=\"widget\" data-widget_type=\"heading.default\">\n\t\t\t\t<div class=\"elementor-widget-container\">\n\t\t\t<p class=\"elementor-heading-title elementor-size-medium\">loisirs - competition - detection<\/p>\t\t<\/div>\n\t\t\t\t<\/div>\n\t\t\t\t\t<\/div>\n\t\t<\/div>\n\t\t\t\t<div class=\"elementor-column elementor-col-50 elementor-top-column elementor-element elementor-element-524e0fc\" data-id=\"524e0fc\" data-element_type=\"column\">\n\t\t\t<div class=\"elementor-widget-wrap elementor-element-populated\">\n\t\t\t\t\t\t\t\t<div class=\"elementor-element elementor-element-5bc2700 elementor-widget elementor-widget-image\" data-id=\"5bc2700\" data-element_type=\"widget\" data-widget_type=\"image.default\">\n\t\t\t\t<div class=\"elementor-widget-container\">\n\t\t\t\t\t\t\t\t\t\t\t\t\t\t\t<img width=\"2560\" height=\"1920\" src=\"https:\/\/aynisports.com\/wp-content\/uploads\/2021\/03\/IMG_2727-scaled.jpg\" class=\"attachment-full size-full\" alt=\"\" loading=\"lazy\" srcset=\"https:\/\/aynisports.com\/wp-content\/uploads\/2021\/03\/IMG_2727-scaled.jpg 2560w, https:\/\/aynisports.com\/wp-content\/uploads\/2021\/03\/IMG_2727-300x225.jpg 300w, https:\/\/aynisports.com\/wp-content\/uploads\/2021\/03\/IMG_2727-1024x768.jpg 1024w, https:\/\/aynisports.com\/wp-content\/uploads\/2021\/03\/IMG_2727-768x576.jpg 768w, https:\/\/aynisports.com\/wp-content\/uploads\/2021\/03\/IMG_2727-1536x1152.jpg 1536w, https:\/\/aynisports.com\/wp-content\/uploads\/2021\/03\/IMG_2727-2048x1536.jpg 2048w\" sizes=\"(max-width: 2560px) 100vw, 2560px\" \/>\t\t\t\t\t\t\t\t\t\t\t\t\t\t\t<\/div>\n\t\t\t\t<\/div>\n\t\t\t\t\t<\/div>\n\t\t<\/div>\n\t\t\t\t\t\t\t<\/div>\n\t\t<\/section>\n\t\t\t\t<section class=\"elementor-section elementor-top-section elementor-element elementor-element-7020cd1b elementor-section-height-min-height elementor-section-content-middle elementor-reverse-mobile elementor-section-boxed elementor-section-height-default elementor-section-items-middle\" data-id=\"7020cd1b\" data-element_type=\"section\" data-settings=\"{&quot;background_background&quot;:&quot;none&quot;}\">\n\t\t\t\t\t\t<div class=\"elementor-container elementor-column-gap-default\">\n\t\t\t\t\t<div class=\"elementor-column elementor-col-50 elementor-top-column elementor-element elementor-element-27766be1\" data-id=\"27766be1\" data-element_type=\"column\">\n\t\t\t<div class=\"elementor-widget-wrap elementor-element-populated\">\n\t\t\t\t\t\t\t\t<div class=\"elementor-element elementor-element-3316da43 elementor-widget elementor-widget-image\" data-id=\"3316da43\" data-element_type=\"widget\" data-widget_type=\"image.default\">\n\t\t\t\t<div class=\"elementor-widget-container\">\n\t\t\t\t\t\t\t\t\t\t\t\t\t\t\t<img width=\"2560\" height=\"1707\" src=\"https:\/\/aynisports.com\/wp-content\/uploads\/2021\/03\/P1080593-1-scaled.jpg\" class=\"attachment-full size-full\" alt=\"\" loading=\"lazy\" srcset=\"https:\/\/aynisports.com\/wp-content\/uploads\/2021\/03\/P1080593-1-scaled.jpg 2560w, https:\/\/aynisports.com\/wp-content\/uploads\/2021\/03\/P1080593-1-300x200.jpg 300w, https:\/\/aynisports.com\/wp-content\/uploads\/2021\/03\/P1080593-1-1024x683.jpg 1024w, https:\/\/aynisports.com\/wp-content\/uploads\/2021\/03\/P1080593-1-768x512.jpg 768w, https:\/\/aynisports.com\/wp-content\/uploads\/2021\/03\/P1080593-1-1536x1024.jpg 1536w, https:\/\/aynisports.com\/wp-content\/uploads\/2021\/03\/P1080593-1-2048x1365.jpg 2048w\" sizes=\"(max-width: 2560px) 100vw, 2560px\" \/>\t\t\t\t\t\t\t\t\t\t\t\t\t\t\t<\/div>\n\t\t\t\t<\/div>\n\t\t\t\t\t<\/div>\n\t\t<\/div>\n\t\t\t\t<div class=\"elementor-column elementor-col-50 elementor-top-column elementor-element elementor-element-7dc900a\" data-id=\"7dc900a\" data-element_type=\"column\">\n\t\t\t<div class=\"elementor-widget-wrap elementor-element-populated\">\n\t\t\t\t\t\t\t\t<div class=\"elementor-element elementor-element-6e020ab1 elementor-widget-divider--view-line elementor-widget elementor-widget-divider\" data-id=\"6e020ab1\" data-element_type=\"widget\" data-widget_type=\"divider.default\">\n\t\t\t\t<div class=\"elementor-widget-container\">\n\t\t\t\t\t<div class=\"elementor-divider\">\n\t\t\t<span class=\"elementor-divider-separator\">\n\t\t\t\t\t\t<\/span>\n\t\t<\/div>\n\t\t\t\t<\/div>\n\t\t\t\t<\/div>\n\t\t\t\t<div class=\"elementor-element elementor-element-aebd07e elementor-widget elementor-widget-heading\" data-id=\"aebd07e\" data-element_type=\"widget\" data-widget_type=\"heading.default\">\n\t\t\t\t<div class=\"elementor-widget-container\">\n\t\t\t<h3 class=\"elementor-heading-title elementor-size-large\">ACCOMPAGNER LES PRATIQUANTS<\/h3>\t\t<\/div>\n\t\t\t\t<\/div>\n\t\t\t\t<div class=\"elementor-element elementor-element-192b852e elementor-widget elementor-widget-text-editor\" data-id=\"192b852e\" data-element_type=\"widget\" data-widget_type=\"text-editor.default\">\n\t\t\t\t<div class=\"elementor-widget-container\">\n\t\t\t\t\t\t\t<p>Suivre l&#8217;\u00e9volution physique de tous les pratiquants et adapter \u00a0leur pratique sportive en lien avec leur potentiel<\/p>\t\t\t\t\t\t<\/div>\n\t\t\t\t<\/div>\n\t\t\t\t<div class=\"elementor-element elementor-element-25e4d26 elementor-widget elementor-widget-heading\" data-id=\"25e4d26\" data-element_type=\"widget\" data-widget_type=\"heading.default\">\n\t\t\t\t<div class=\"elementor-widget-container\">\n\t\t\t<p class=\"elementor-heading-title elementor-size-medium\">evaluer et OPTIMISER la pratique<\/p>\t\t<\/div>\n\t\t\t\t<\/div>\n\t\t\t\t\t<\/div>\n\t\t<\/div>\n\t\t\t\t\t\t\t<\/div>\n\t\t<\/section>\n\t\t\t\t<section class=\"elementor-section elementor-top-section elementor-element elementor-element-282b4106 elementor-section-boxed elementor-section-height-default elementor-section-height-default\" data-id=\"282b4106\" data-element_type=\"section\">\n\t\t\t\t\t\t<div class=\"elementor-container elementor-column-gap-default\">\n\t\t\t\t\t<div class=\"elementor-column elementor-col-100 elementor-top-column elementor-element elementor-element-13f483a7\" data-id=\"13f483a7\" data-element_type=\"column\">\n\t\t\t<div class=\"elementor-widget-wrap elementor-element-populated\">\n\t\t\t\t\t\t\t\t<div class=\"elementor-element elementor-element-4b22a4b5 elementor-widget elementor-widget-heading\" data-id=\"4b22a4b5\" data-element_type=\"widget\" data-widget_type=\"heading.default\">\n\t\t\t\t<div class=\"elementor-widget-container\">\n\t\t\t<h3 class=\"elementor-heading-title elementor-size-large\">2 VERSIONS POUR ETRE A VOS C\u00f4T\u00e9S<\/h3>\t\t<\/div>\n\t\t\t\t<\/div>\n\t\t\t\t<div class=\"elementor-element elementor-element-364aca4c elementor-widget-divider--view-line elementor-widget elementor-widget-divider\" data-id=\"364aca4c\" data-element_type=\"widget\" data-widget_type=\"divider.default\">\n\t\t\t\t<div class=\"elementor-widget-container\">\n\t\t\t\t\t<div class=\"elementor-divider\">\n\t\t\t<span class=\"elementor-divider-separator\">\n\t\t\t\t\t\t<\/span>\n\t\t<\/div>\n\t\t\t\t<\/div>\n\t\t\t\t<\/div>\n\t\t\t\t\t<\/div>\n\t\t<\/div>\n\t\t\t\t\t\t\t<\/div>\n\t\t<\/section>\n\t\t\t\t<section class=\"elementor-section elementor-top-section elementor-element elementor-element-8bccddc elementor-section-boxed elementor-section-height-default elementor-section-height-default\" data-id=\"8bccddc\" data-element_type=\"section\">\n\t\t\t\t\t\t<div class=\"elementor-container elementor-column-gap-default\">\n\t\t\t\t\t<div class=\"elementor-column elementor-col-25 elementor-top-column elementor-element elementor-element-415295e\" data-id=\"415295e\" data-element_type=\"column\">\n\t\t\t<div class=\"elementor-widget-wrap elementor-element-populated\">\n\t\t\t\t\t\t\t\t<div class=\"elementor-element elementor-element-1e6c683 elementor-widget elementor-widget-image\" data-id=\"1e6c683\" data-element_type=\"widget\" data-widget_type=\"image.default\">\n\t\t\t\t<div class=\"elementor-widget-container\">\n\t\t\t\t\t\t\t\t\t\t\t\t\t\t\t<img src=\"http:\/\/aynisports.com\/wp-content\/uploads\/2021\/03\/EVALSPORT-Logo-CMJN-1.pdf\" title=\"\" alt=\"\" \/>\t\t\t\t\t\t\t\t\t\t\t\t\t\t\t<\/div>\n\t\t\t\t<\/div>\n\t\t\t\t\t<\/div>\n\t\t<\/div>\n\t\t\t\t<div class=\"elementor-column elementor-col-25 elementor-top-column elementor-element elementor-element-60221ad\" data-id=\"60221ad\" data-element_type=\"column\">\n\t\t\t<div class=\"elementor-widget-wrap elementor-element-populated\">\n\t\t\t\t\t\t\t\t<div class=\"elementor-element elementor-element-db4a187 elementor-position-left elementor-vertical-align-middle elementor-widget elementor-widget-image-box\" data-id=\"db4a187\" data-element_type=\"widget\" data-widget_type=\"image-box.default\">\n\t\t\t\t<div class=\"elementor-widget-container\">\n\t\t\t<div class=\"elementor-image-box-wrapper\"><div class=\"elementor-image-box-content\"><h3 class=\"elementor-image-box-title\">EVALSPORT<\/h3><p class=\"elementor-image-box-description\">Evaluer vos pratiquants sans aucune contrainte gr\u00e2ce \u00e0 l'application, vous g\u00e9rez l'ensemble du dispositif : organisation des \u00e9valuations, gestion des r\u00e9sultats et communication interne.<br><br><span style=\"caret-color: rgb(68, 68, 68); color: rgb(68, 68, 68); font-size: 10px; font-weight: 600; letter-spacing: 3.299999952316284px; text-align: center; text-transform: uppercase; white-space: normal;\">VITESSE, SOUPLESSE, ENDURANCE, FORCE HAUT ET BAS DU CORPS<\/span><\/p><\/div><\/div>\t\t<\/div>\n\t\t\t\t<\/div>\n\t\t\t\t\t<\/div>\n\t\t<\/div>\n\t\t\t\t<div class=\"elementor-column elementor-col-25 elementor-top-column elementor-element elementor-element-72e9241\" data-id=\"72e9241\" data-element_type=\"column\">\n\t\t\t<div class=\"elementor-widget-wrap elementor-element-populated\">\n\t\t\t\t\t\t\t\t<div class=\"elementor-element elementor-element-753276e elementor-widget elementor-widget-image\" data-id=\"753276e\" data-element_type=\"widget\" data-widget_type=\"image.default\">\n\t\t\t\t<div class=\"elementor-widget-container\">\n\t\t\t\t\t\t\t\t\t\t\t\t\t\t\t<img src=\"http:\/\/aynisports.com\/wp-content\/uploads\/2021\/03\/EVALSPORT-PLUS-Logo-CMJN-1.pdf\" title=\"\" alt=\"\" \/>\t\t\t\t\t\t\t\t\t\t\t\t\t\t\t<\/div>\n\t\t\t\t<\/div>\n\t\t\t\t\t<\/div>\n\t\t<\/div>\n\t\t\t\t<div class=\"elementor-column elementor-col-25 elementor-top-column elementor-element elementor-element-9d35765\" data-id=\"9d35765\" data-element_type=\"column\">\n\t\t\t<div class=\"elementor-widget-wrap elementor-element-populated\">\n\t\t\t\t\t\t\t\t<div class=\"elementor-element elementor-element-94e0541 elementor-position-left elementor-vertical-align-middle elementor-widget elementor-widget-image-box\" data-id=\"94e0541\" data-element_type=\"widget\" data-widget_type=\"image-box.default\">\n\t\t\t\t<div class=\"elementor-widget-container\">\n\t\t\t<div class=\"elementor-image-box-wrapper\"><div class=\"elementor-image-box-content\"><h3 class=\"elementor-image-box-title\">EVALSPORT PLUS<\/h3><p class=\"elementor-image-box-description\">Nous venons \u00e9valuer vos pratiquants en utilisant notre plateforme de tests EVALSPORT et notre mat\u00e9riel de haute technologie. Ce dispositif est orient\u00e9 sur la comp\u00e9tition et la d\u00e9tection.<br><br><span style=\"caret-color: rgb(68, 68, 68); color: rgb(68, 68, 68); font-size: 10px; font-weight: 600; letter-spacing: 3.299999952316284px; text-align: center; text-transform: uppercase; white-space: normal;\">VITESSE, SOUPLESSE, ENDURANCE, FORCE HAUT ET BAS DU CORPS, REACTIVITE, DETENTE VERTICALE, COORDINATION<\/span><\/p><\/div><\/div>\t\t<\/div>\n\t\t\t\t<\/div>\n\t\t\t\t\t<\/div>\n\t\t<\/div>\n\t\t\t\t\t\t\t<\/div>\n\t\t<\/section>\n\t\t\t\t\t\t<\/div>\n\t\t\t\t\t<\/div>\n\t\t","protected":false},"excerpt":{"rendered":"<p>EVALUATIONS MIEUX SE CONNAITRE POUR MIEUX PRATIQUER En signant un partenariat avec la plateforme WEB &#8211; EVALSPORT nous accompagnons les structures et leurs pratiquants dans la connaissance et l&#8217;am\u00e9lioration de leur potentiel sant\u00e9 &#8211; sport VERSION CLUB VERSION SCOLAIRE mieux se connaitre EVALSPORT est un outil digitalis\u00e9 d\u00e9di\u00e9 \u00e0 la connaissance et l&#8217;analyse du potentiel [&hellip;]<\/p>\n","protected":false},"author":1,"featured_media":0,"parent":0,"menu_order":0,"comment_status":"closed","ping_status":"closed","template":"elementor_header_footer","meta":[],"_links":{"self":[{"href":"https:\/\/aynisports.com\/index.php\/wp-json\/wp\/v2\/pages\/202"}],"collection":[{"href":"https:\/\/aynisports.com\/index.php\/wp-json\/wp\/v2\/pages"}],"about":[{"href":"https:\/\/aynisports.com\/index.php\/wp-json\/wp\/v2\/types\/page"}],"author":[{"embeddable":true,"href":"https:\/\/aynisports.com\/index.php\/wp-json\/wp\/v2\/users\/1"}],"replies":[{"embeddable":true,"href":"https:\/\/aynisports.com\/index.php\/wp-json\/wp\/v2\/comments?post=202"}],"version-history":[{"count":124,"href":"https:\/\/aynisports.com\/index.php\/wp-json\/wp\/v2\/pages\/202\/revisions"}],"predecessor-version":[{"id":687,"href":"https:\/\/aynisports.com\/index.php\/wp-json\/wp\/v2\/pages\/202\/revisions\/687"}],"wp:attachment":[{"href":"https:\/\/aynisports.com\/index.php\/wp-json\/wp\/v2\/media?parent=202"}],"curies":[{"name":"wp","href":"https:\/\/api.w.org\/{rel}","templated":true}]}}